{"id":2322,"date":"2019-04-20T23:51:38","date_gmt":"2019-04-20T20:51:38","guid":{"rendered":"http:\/\/www.kusadasiephesustour.com\/?page_id=2322"},"modified":"2019-10-07T23:14:34","modified_gmt":"2019-10-07T20:14:34","slug":"lacompania","status":"publish","type":"page","link":"https:\/\/www.kusadasiephesustour.com\/es\/lacompania\/","title":{"rendered":"La Compa\u00f1\u00eda"},"content":{"rendered":"<div class=\"wpb-content-wrapper\">[vc_row][vc_column width=\u00bb2\/3&#8243;][vc_column_text]<strong>Circuitos Turquia by Puerto Viajes Turquia<\/strong> est\u00e1 organizando <strong>Turquia Tours<\/strong> con un equipo de personas experimentadas, pero j\u00f3venes y din\u00e1micas. <strong>Turqu\u00eda<\/strong> es un pa\u00eds con muchos misterios. <strong>Estambul<\/strong> misma es un tesoro hist\u00f3rico que alberg\u00f3 cuatro imperios. <strong>\u00c9feso<\/strong>, <strong>Pamukkale<\/strong>, Afrodisias, Laodicea, Troya, Sardis, <strong>Esmirna<\/strong>, <strong>iglesias<\/strong> excavadas en la roca de <strong>Capadocia<\/strong> y muchos m\u00e1s restos hist\u00f3ricos interesantes y chimeneas de hadas de Capadocia, maravillosas bah\u00edas azules y playas de arena de la Riviera turca son solo algunas de esas maravillas y misterios de <strong>Turqu\u00eda<\/strong>.. Si desea revelar algunos de ellos por su cuenta, lo ayudaremos a encontrar los mejores lugares de acuerdo con sus intereses y lo ayudaremos a organizar el viaje que mejor se adapte a sus necesidades y expectativas.<\/p>\n<p><strong>Detalles de contacto:<\/strong><\/p>\n<p><span style=\"color: #ff0000;\">7\/24 Mobile &amp; WhatsApp: +90 546 951 0221<\/span><\/p>\n<p><strong>E-mail:<\/strong> puertoturkey@gmail.com<\/p>\n<p><strong>Direcci\u00f3n<\/strong>: Camikebir Mah. Sa\u011fl\u0131k Cad. Adal\u0131o\u011flu \u0130\u015fhan\u0131 NO:28\/211 KUSADASI\/AYDIN, TURQUIA[\/vc_column_text][\/vc_column][vc_column width=\u00bb1\/3&#8243; margin_top=\u00bb-18px\u00bb]<script>\nvar gform;gform||(document.addEventListener(\"gform_main_scripts_loaded\",function(){gform.scriptsLoaded=!0}),document.addEventListener(\"gform\/theme\/scripts_loaded\",function(){gform.themeScriptsLoaded=!0}),window.addEventListener(\"DOMContentLoaded\",function(){gform.domLoaded=!0}),gform={domLoaded:!1,scriptsLoaded:!1,themeScriptsLoaded:!1,isFormEditor:()=>\"function\"==typeof InitializeEditor,callIfLoaded:function(o){return!(!gform.domLoaded||!gform.scriptsLoaded||!gform.themeScriptsLoaded&&!gform.isFormEditor()||(gform.isFormEditor()&&console.warn(\"The use of gform.initializeOnLoaded() is deprecated in the form editor context and will be removed in Gravity Forms 3.1.\"),o(),0))},initializeOnLoaded:function(o){gform.callIfLoaded(o)||(document.addEventListener(\"gform_main_scripts_loaded\",()=>{gform.scriptsLoaded=!0,gform.callIfLoaded(o)}),document.addEventListener(\"gform\/theme\/scripts_loaded\",()=>{gform.themeScriptsLoaded=!0,gform.callIfLoaded(o)}),window.addEventListener(\"DOMContentLoaded\",()=>{gform.domLoaded=!0,gform.callIfLoaded(o)}))},hooks:{action:{},filter:{}},addAction:function(o,r,e,t){gform.addHook(\"action\",o,r,e,t)},addFilter:function(o,r,e,t){gform.addHook(\"filter\",o,r,e,t)},doAction:function(o){gform.doHook(\"action\",o,arguments)},applyFilters:function(o){return gform.doHook(\"filter\",o,arguments)},removeAction:function(o,r){gform.removeHook(\"action\",o,r)},removeFilter:function(o,r,e){gform.removeHook(\"filter\",o,r,e)},addHook:function(o,r,e,t,n){null==gform.hooks[o][r]&&(gform.hooks[o][r]=[]);var d=gform.hooks[o][r];null==n&&(n=r+\"_\"+d.length),gform.hooks[o][r].push({tag:n,callable:e,priority:t=null==t?10:t})},doHook:function(r,o,e){var t;if(e=Array.prototype.slice.call(e,1),null!=gform.hooks[r][o]&&((o=gform.hooks[r][o]).sort(function(o,r){return o.priority-r.priority}),o.forEach(function(o){\"function\"!=typeof(t=o.callable)&&(t=window[t]),\"action\"==r?t.apply(null,e):e[0]=t.apply(null,e)})),\"filter\"==r)return e[0]},removeHook:function(o,r,t,n){var e;null!=gform.hooks[o][r]&&(e=(e=gform.hooks[o][r]).filter(function(o,r,e){return!!(null!=n&&n!=o.tag||null!=t&&t!=o.priority)}),gform.hooks[o][r]=e)}});\n<\/script>\n\n                <div class='gf_browser_gecko gform_wrapper gform_legacy_markup_wrapper gform-theme--no-framework' data-form-theme='legacy' data-form-index='0' id='gform_wrapper_2' ><form method='post' enctype='multipart\/form-data'  id='gform_2'  action='\/es\/wp-json\/wp\/v2\/pages\/2322' data-formid='2' novalidate>\n                        <div class='gform-body gform_body'><ul id='gform_fields_2' class='gform_fields top_label form_sublabel_below description_below validation_below'><li id=\"field_2_5\" class=\"gfield gfield--type-honeypot gform_validation_container field_sublabel_below gfield--has-description field_description_below field_validation_below gfield_visibility_visible\"  ><label class='gfield_label gform-field-label' for='input_2_5'>Comments<\/label><div class='ginput_container'><input name='input_5' id='input_2_5' type='text' value='' autocomplete='new-password'\/><\/div><div class='gfield_description' id='gfield_description_2_5'>Este campo es un campo de validaci\u00f3n y debe quedar sin cambios.<\/div><\/li><li id=\"field_2_1\" class=\"gfield gfield--type-name gfield_contains_required field_sublabel_below gfield--no-description field_description_below field_validation_below gfield_visibility_visible\"  ><label class='gfield_label gform-field-label' >Your Name<span class=\"gfield_required\"><span class=\"gfield_required gfield_required_asterisk\">*<\/span><\/span><\/label><div class='ginput_container ginput_container_name'>\n                                    <input name='input_1' id='input_2_1' type='text' value='' class='large'   aria-required=\"true\" aria-invalid=\"false\"   \/>\n                                <\/div><\/li><li id=\"field_2_2\" class=\"gfield gfield--type-email gfield_contains_required field_sublabel_below gfield--no-description field_description_below field_validation_below gfield_visibility_visible\"  ><label class='gfield_label gform-field-label' for='input_2_2'>Your Email<span class=\"gfield_required\"><span class=\"gfield_required gfield_required_asterisk\">*<\/span><\/span><\/label><div class='ginput_container ginput_container_email'>\n                            <input name='input_2' id='input_2_2' type='email' value='' class='large'    aria-required=\"true\" aria-invalid=\"false\"  \/>\n                        <\/div><\/li><li id=\"field_2_3\" class=\"gfield gfield--type-phone field_sublabel_below gfield--no-description field_description_below field_validation_below gfield_visibility_visible\"  ><label class='gfield_label gform-field-label' for='input_2_3'>Telephone<\/label><div class='ginput_container ginput_container_phone'><input name='input_3' id='input_2_3' type='tel' value='' class='large'    aria-invalid=\"false\"   \/><\/div><\/li><li id=\"field_2_4\" class=\"gfield gfield--type-textarea gfield_contains_required field_sublabel_below gfield--no-description field_description_below field_validation_below gfield_visibility_visible\"  ><label class='gfield_label gform-field-label' for='input_2_4'>Your Message<span class=\"gfield_required\"><span class=\"gfield_required gfield_required_asterisk\">*<\/span><\/span><\/label><div class='ginput_container ginput_container_textarea'><textarea name='input_4' id='input_2_4' class='textarea large'     aria-required=\"true\" aria-invalid=\"false\"   rows='10' cols='50'><\/textarea><\/div><\/li><\/ul><\/div>\n        <div class='gform-footer gform_footer top_label'> <input type='submit' id='gform_submit_button_2' class='gform_button button' onclick='gform.submission.handleButtonClick(this);' data-submission-type='submit' value='Send'  \/> \n            <input type='hidden' class='gform_hidden' name='gform_submission_method' data-js='gform_submission_method_2' value='postback' \/>\n            <input type='hidden' class='gform_hidden' name='gform_theme' data-js='gform_theme_2' id='gform_theme_2' value='legacy' \/>\n            <input type='hidden' class='gform_hidden' name='gform_style_settings' data-js='gform_style_settings_2' id='gform_style_settings_2' value='[]' \/>\n            <input type='hidden' class='gform_hidden' name='is_submit_2' value='1' \/>\n            <input type='hidden' class='gform_hidden' name='gform_submit' value='2' \/>\n            \n            <input type='hidden' class='gform_hidden' name='gform_unique_id' value='' \/>\n            <input type='hidden' class='gform_hidden' name='state_2' value='WyJbXSIsImRhNWE3NGI3ZTY0MjkwMzNjYTU0MGI4ZGUyZjBjZGU4Il0=' \/>\n            <input type='hidden' autocomplete='off' class='gform_hidden' name='gform_target_page_number_2' id='gform_target_page_number_2' value='0' \/>\n            <input type='hidden' autocomplete='off' class='gform_hidden' name='gform_source_page_number_2' id='gform_source_page_number_2' value='1' \/>\n            <input type='hidden' name='gform_field_values' value='' \/>\n            \n        <\/div>\n                        <\/form>\n                        <\/div><script>\ngform.initializeOnLoaded( function() {gformInitSpinner( 2, 'https:\/\/www.kusadasiephesustour.com\/wp-content\/plugins\/gravityforms\/images\/spinner.svg', true );jQuery('#gform_ajax_frame_2').on('load',function(){var contents = jQuery(this).contents().find('*').html();var is_postback = contents.indexOf('GF_AJAX_POSTBACK') >= 0;if(!is_postback){return;}var form_content = jQuery(this).contents().find('#gform_wrapper_2');var is_confirmation = jQuery(this).contents().find('#gform_confirmation_wrapper_2').length > 0;var is_redirect = contents.indexOf('gformRedirect(){') >= 0;var is_form = form_content.length > 0 && ! is_redirect && ! is_confirmation;var mt = parseInt(jQuery('html').css('margin-top'), 10) + parseInt(jQuery('body').css('margin-top'), 10) + 100;if(is_form){jQuery('#gform_wrapper_2').html(form_content.html());if(form_content.hasClass('gform_validation_error')){jQuery('#gform_wrapper_2').addClass('gform_validation_error');} else {jQuery('#gform_wrapper_2').removeClass('gform_validation_error');}setTimeout( function() { \/* delay the scroll by 50 milliseconds to fix a bug in chrome *\/  }, 50 );if(window['gformInitDatepicker']) {gformInitDatepicker();}if(window['gformInitPriceFields']) {gformInitPriceFields();}var current_page = jQuery('#gform_source_page_number_2').val();gformInitSpinner( 2, 'https:\/\/www.kusadasiephesustour.com\/wp-content\/plugins\/gravityforms\/images\/spinner.svg', true );jQuery(document).trigger('gform_page_loaded', [2, current_page]);window['gf_submitting_2'] = false;}else if(!is_redirect){var confirmation_content = jQuery(this).contents().find('.GF_AJAX_POSTBACK').html();if(!confirmation_content){confirmation_content = contents;}jQuery('#gform_wrapper_2').replaceWith(confirmation_content);jQuery(document).trigger('gform_confirmation_loaded', [2]);window['gf_submitting_2'] = false;wp.a11y.speak(jQuery('#gform_confirmation_message_2').text());}else{jQuery('#gform_2').append(contents);if(window['gformRedirect']) {gformRedirect();}}jQuery(document).trigger(\"gform_pre_post_render\", [{ formId: \"2\", currentPage: \"current_page\", abort: function() { this.preventDefault(); } }]);        if (event && event.defaultPrevented) {                return;        }        const gformWrapperDiv = document.getElementById( \"gform_wrapper_2\" );        if ( gformWrapperDiv ) {            const visibilitySpan = document.createElement( \"span\" );            visibilitySpan.id = \"gform_visibility_test_2\";            gformWrapperDiv.insertAdjacentElement( \"afterend\", visibilitySpan );        }        const visibilityTestDiv = document.getElementById( \"gform_visibility_test_2\" );        let postRenderFired = false;        function triggerPostRender() {            if ( postRenderFired ) {                return;            }            postRenderFired = true;            gform.core.triggerPostRenderEvents( 2, current_page );            if ( visibilityTestDiv ) {                visibilityTestDiv.parentNode.removeChild( visibilityTestDiv );            }        }        function debounce( func, wait, immediate ) {            var timeout;            return function() {                var context = this, args = arguments;                var later = function() {                    timeout = null;                    if ( !immediate ) func.apply( context, args );                };                var callNow = immediate && !timeout;                clearTimeout( timeout );                timeout = setTimeout( later, wait );                if ( callNow ) func.apply( context, args );            };        }        const debouncedTriggerPostRender = debounce( function() {            triggerPostRender();        }, 200 );        if ( visibilityTestDiv && visibilityTestDiv.offsetParent === null ) {            const observer = new MutationObserver( ( mutations ) => {                mutations.forEach( ( mutation ) => {                    if ( mutation.type === 'attributes' && visibilityTestDiv.offsetParent !== null ) {                        debouncedTriggerPostRender();                        observer.disconnect();                    }                });            });            observer.observe( document.body, {                attributes: true,                childList: false,                subtree: true,                attributeFilter: [ 'style', 'class' ],            });        } else {            triggerPostRender();        }    } );} );\n<\/script>\n[\/vc_column][\/vc_row]\n<\/div>","protected":false},"excerpt":{"rendered":"<p>[vc_row][vc_column width=\u00bb2\/3&#8243;][vc_column_text]Circuitos Turquia by Puerto Viajes Turquia est\u00e1 organizando Turquia Tours con un equipo de personas experimentadas, pero j\u00f3venes y din\u00e1micas. Turqu\u00eda es un pa\u00eds con muchos misterios. Estambul misma es un tesoro hist\u00f3rico que alberg\u00f3 cuatro imperios. \u00c9feso, Pamukkale, Afrodisias, Laodicea, Troya, Sardis, Esmirna, iglesias excavadas en la roca de Capadocia y muchos m\u00e1s&hellip;<\/p>\n","protected":false},"author":1,"featured_media":0,"parent":0,"menu_order":0,"comment_status":"open","ping_status":"open","template":"","meta":{"footnotes":""},"class_list":["post-2322","page","type-page","status-publish","hentry","entry","no-media"],"yoast_head":"<!-- This site is optimized with the Yoast SEO plugin v27.2 - https:\/\/yoast.com\/product\/yoast-seo-wordpress\/ -->\n<title>La Compa\u00f1\u00eda | Kusadasi \/ Ephesus Tours<\/title>\n<meta name=\"robots\" content=\"noindex, follow, max-snippet:-1, max-image-preview:large, max-video-preview:-1\" \/>\n<meta property=\"og:locale\" content=\"es_ES\" \/>\n<meta property=\"og:type\" content=\"article\" \/>\n<meta property=\"og:title\" content=\"La Compa\u00f1\u00eda | Kusadasi \/ Ephesus Tours\" \/>\n<meta property=\"og:description\" content=\"[vc_row][vc_column width=\u00bb2\/3&#8243;][vc_column_text]Circuitos Turquia by Puerto Viajes Turquia est\u00e1 organizando Turquia Tours con un equipo de personas experimentadas, pero j\u00f3venes y din\u00e1micas. Turqu\u00eda es un pa\u00eds con muchos misterios. Estambul misma es un tesoro hist\u00f3rico que alberg\u00f3 cuatro imperios. \u00c9feso, Pamukkale, Afrodisias, Laodicea, Troya, Sardis, Esmirna, iglesias excavadas en la roca de Capadocia y muchos m\u00e1s&hellip;\" \/>\n<meta property=\"og:url\" content=\"https:\/\/www.kusadasiephesustour.com\/es\/lacompania\/\" \/>\n<meta property=\"og:site_name\" content=\"Kusadasi \/ Ephesus Tours\" \/>\n<meta property=\"article:modified_time\" content=\"2019-10-07T20:14:34+00:00\" \/>\n<meta name=\"twitter:card\" content=\"summary_large_image\" \/>\n<meta name=\"twitter:label1\" content=\"Tiempo de lectura\" \/>\n\t<meta name=\"twitter:data1\" content=\"1 minuto\" \/>\n<script type=\"application\/ld+json\" class=\"yoast-schema-graph\">{\"@context\":\"https:\/\/schema.org\",\"@graph\":[{\"@type\":\"WebPage\",\"@id\":\"https:\/\/www.kusadasiephesustour.com\/es\/lacompania\/\",\"url\":\"https:\/\/www.kusadasiephesustour.com\/es\/lacompania\/\",\"name\":\"La Compa\u00f1\u00eda | Kusadasi \/ Ephesus Tours\",\"isPartOf\":{\"@id\":\"https:\/\/www.kusadasiephesustour.com\/es\/#website\"},\"datePublished\":\"2019-04-20T20:51:38+00:00\",\"dateModified\":\"2019-10-07T20:14:34+00:00\",\"inLanguage\":\"es\",\"potentialAction\":[{\"@type\":\"ReadAction\",\"target\":[\"https:\/\/www.kusadasiephesustour.com\/es\/lacompania\/\"]}]},{\"@type\":\"WebSite\",\"@id\":\"https:\/\/www.kusadasiephesustour.com\/es\/#website\",\"url\":\"https:\/\/www.kusadasiephesustour.com\/es\/\",\"name\":\"Kusadasi \/ Ephesus Tours\",\"description\":\"Viajar con un Experto\",\"publisher\":{\"@id\":\"https:\/\/www.kusadasiephesustour.com\/es\/#organization\"},\"potentialAction\":[{\"@type\":\"SearchAction\",\"target\":{\"@type\":\"EntryPoint\",\"urlTemplate\":\"https:\/\/www.kusadasiephesustour.com\/es\/?s={search_term_string}\"},\"query-input\":{\"@type\":\"PropertyValueSpecification\",\"valueRequired\":true,\"valueName\":\"search_term_string\"}}],\"inLanguage\":\"es\"},{\"@type\":\"Organization\",\"@id\":\"https:\/\/www.kusadasiephesustour.com\/es\/#organization\",\"name\":\"Kusadasi \/ Ephesus Tours\",\"url\":\"https:\/\/www.kusadasiephesustour.com\/es\/\",\"logo\":{\"@type\":\"ImageObject\",\"inLanguage\":\"es\",\"@id\":\"https:\/\/www.kusadasiephesustour.com\/es\/#\/schema\/logo\/image\/\",\"url\":\"https:\/\/www.kusadasiephesustour.com\/wp-content\/uploads\/2024\/04\/Puerto-Logo.png\",\"contentUrl\":\"https:\/\/www.kusadasiephesustour.com\/wp-content\/uploads\/2024\/04\/Puerto-Logo.png\",\"width\":242,\"height\":75,\"caption\":\"Kusadasi \/ Ephesus Tours\"},\"image\":{\"@id\":\"https:\/\/www.kusadasiephesustour.com\/es\/#\/schema\/logo\/image\/\"}}]}<\/script>\n<!-- \/ Yoast SEO plugin. -->","yoast_head_json":{"title":"La Compa\u00f1\u00eda | Kusadasi \/ Ephesus Tours","robots":{"index":"noindex","follow":"follow","max-snippet":"max-snippet:-1","max-image-preview":"max-image-preview:large","max-video-preview":"max-video-preview:-1"},"og_locale":"es_ES","og_type":"article","og_title":"La Compa\u00f1\u00eda | Kusadasi \/ Ephesus Tours","og_description":"[vc_row][vc_column width=\u00bb2\/3&#8243;][vc_column_text]Circuitos Turquia by Puerto Viajes Turquia est\u00e1 organizando Turquia Tours con un equipo de personas experimentadas, pero j\u00f3venes y din\u00e1micas. Turqu\u00eda es un pa\u00eds con muchos misterios. Estambul misma es un tesoro hist\u00f3rico que alberg\u00f3 cuatro imperios. \u00c9feso, Pamukkale, Afrodisias, Laodicea, Troya, Sardis, Esmirna, iglesias excavadas en la roca de Capadocia y muchos m\u00e1s&hellip;","og_url":"https:\/\/www.kusadasiephesustour.com\/es\/lacompania\/","og_site_name":"Kusadasi \/ Ephesus Tours","article_modified_time":"2019-10-07T20:14:34+00:00","twitter_card":"summary_large_image","twitter_misc":{"Tiempo de lectura":"1 minuto"},"schema":{"@context":"https:\/\/schema.org","@graph":[{"@type":"WebPage","@id":"https:\/\/www.kusadasiephesustour.com\/es\/lacompania\/","url":"https:\/\/www.kusadasiephesustour.com\/es\/lacompania\/","name":"La Compa\u00f1\u00eda | Kusadasi \/ Ephesus Tours","isPartOf":{"@id":"https:\/\/www.kusadasiephesustour.com\/es\/#website"},"datePublished":"2019-04-20T20:51:38+00:00","dateModified":"2019-10-07T20:14:34+00:00","inLanguage":"es","potentialAction":[{"@type":"ReadAction","target":["https:\/\/www.kusadasiephesustour.com\/es\/lacompania\/"]}]},{"@type":"WebSite","@id":"https:\/\/www.kusadasiephesustour.com\/es\/#website","url":"https:\/\/www.kusadasiephesustour.com\/es\/","name":"Kusadasi \/ Ephesus Tours","description":"Viajar con un Experto","publisher":{"@id":"https:\/\/www.kusadasiephesustour.com\/es\/#organization"},"potentialAction":[{"@type":"SearchAction","target":{"@type":"EntryPoint","urlTemplate":"https:\/\/www.kusadasiephesustour.com\/es\/?s={search_term_string}"},"query-input":{"@type":"PropertyValueSpecification","valueRequired":true,"valueName":"search_term_string"}}],"inLanguage":"es"},{"@type":"Organization","@id":"https:\/\/www.kusadasiephesustour.com\/es\/#organization","name":"Kusadasi \/ Ephesus Tours","url":"https:\/\/www.kusadasiephesustour.com\/es\/","logo":{"@type":"ImageObject","inLanguage":"es","@id":"https:\/\/www.kusadasiephesustour.com\/es\/#\/schema\/logo\/image\/","url":"https:\/\/www.kusadasiephesustour.com\/wp-content\/uploads\/2024\/04\/Puerto-Logo.png","contentUrl":"https:\/\/www.kusadasiephesustour.com\/wp-content\/uploads\/2024\/04\/Puerto-Logo.png","width":242,"height":75,"caption":"Kusadasi \/ Ephesus Tours"},"image":{"@id":"https:\/\/www.kusadasiephesustour.com\/es\/#\/schema\/logo\/image\/"}}]}},"_links":{"self":[{"href":"https:\/\/www.kusadasiephesustour.com\/es\/wp-json\/wp\/v2\/pages\/2322","targetHints":{"allow":["GET"]}}],"collection":[{"href":"https:\/\/www.kusadasiephesustour.com\/es\/wp-json\/wp\/v2\/pages"}],"about":[{"href":"https:\/\/www.kusadasiephesustour.com\/es\/wp-json\/wp\/v2\/types\/page"}],"author":[{"embeddable":true,"href":"https:\/\/www.kusadasiephesustour.com\/es\/wp-json\/wp\/v2\/users\/1"}],"replies":[{"embeddable":true,"href":"https:\/\/www.kusadasiephesustour.com\/es\/wp-json\/wp\/v2\/comments?post=2322"}],"version-history":[{"count":2,"href":"https:\/\/www.kusadasiephesustour.com\/es\/wp-json\/wp\/v2\/pages\/2322\/revisions"}],"predecessor-version":[{"id":3365,"href":"https:\/\/www.kusadasiephesustour.com\/es\/wp-json\/wp\/v2\/pages\/2322\/revisions\/3365"}],"wp:attachment":[{"href":"https:\/\/www.kusadasiephesustour.com\/es\/wp-json\/wp\/v2\/media?parent=2322"}],"curies":[{"name":"wp","href":"https:\/\/api.w.org\/{rel}","templated":true}]}}