{"id":2367,"date":"2019-04-21T17:48:57","date_gmt":"2019-04-21T14:48:57","guid":{"rendered":"http:\/\/www.kusadasiephesustour.com\/?page_id=2367"},"modified":"2019-04-21T17:48:57","modified_gmt":"2019-04-21T14:48:57","slug":"tours-de-pamukkale","status":"publish","type":"page","link":"https:\/\/www.kusadasiephesustour.com\/es\/tours-de-pamukkale\/","title":{"rendered":"Tours de Pamukkale"},"content":{"rendered":"<div class=\"wpb-content-wrapper\">[vc_row][vc_column]<div class=\"vcex-module vcex-portfolio-grid-wrap wpex-clr\"><div class=\"wpex-row vcex-portfolio-grid wpex-clr entries match-height-grid\"><div class=\"portfolio-entry vcex-grid-item entry-has-details span_1_of_3 col col-1 entry post-922 type-portfolio has-media tag-69 tag-65 cat-63 cat-55 translation_priority-151\"><div class=\"portfolio-entry-inner entry-inner wpex-first-mt-0 wpex-last-mb-0 wpex-clr\"><div class=\"portfolio-entry-media entry-media wpex-relative wpex-image-hover fade-out\"><a href=\"https:\/\/www.kusadasiephesustour.com\/es\/tour\/tour-de-un-dia-complete-en-afrodisias\/\" title=\"Tour de un d\u00eda complete en Afrodisias\" class=\"portfolio-entry-media-link\"><img loading=\"lazy\" class=\"portfolio-entry-img wpex-align-middle\" decoding=\"async\" src=\"https:\/\/www.kusadasiephesustour.com\/wp-content\/uploads\/2014\/12\/aphrodisias-pamukkale-tour-213x120.jpg\" alt=\"\" width=\"213\" height=\"120\"><\/a><\/div><div class=\"portfolio-entry-details entry-details wpex-boxed wpex-first-mt-0 wpex-last-mb-0 wpex-clr\"><div class=\"match-height-content\"><h2 class=\"portfolio-entry-title entry-title wpex-mb-5\"><a href=\"https:\/\/www.kusadasiephesustour.com\/es\/tour\/tour-de-un-dia-complete-en-afrodisias\/\" title=\"Tour de un d\u00eda complete en Afrodisias\">Tour de un d\u00eda complete en Afrodisias<\/a><\/h2><div class=\"portfolio-entry-excerpt entry-excerpt wpex-my-15 wpex-text-pretty wpex-last-mb-0 wpex-clr\"><p>A journey through the history to the art center of The Roman Empire.<\/p><\/div><\/div><\/div><\/div><\/div><div class=\"portfolio-entry vcex-grid-item entry-has-details span_1_of_3 col col-2 entry post-973 type-portfolio has-media tag-77 tag-65 cat-63 cat-55 translation_priority-151\"><div class=\"portfolio-entry-inner entry-inner wpex-first-mt-0 wpex-last-mb-0 wpex-clr\"><div class=\"portfolio-entry-media entry-media wpex-relative wpex-image-hover fade-out\"><a href=\"https:\/\/www.kusadasiephesustour.com\/es\/tour\/tour-de-un-dia-completo-en-pergamo\/\" title=\"Tour de un d\u00eda completo en P\u00e9rgamo\" class=\"portfolio-entry-media-link\"><img loading=\"lazy\" class=\"portfolio-entry-img wpex-align-middle\" decoding=\"async\" src=\"https:\/\/www.kusadasiephesustour.com\/wp-content\/uploads\/2014\/12\/pergamon-theatre-213x120.jpg\" alt=\"\" width=\"213\" height=\"120\"><\/a><\/div><div class=\"portfolio-entry-details entry-details wpex-boxed wpex-first-mt-0 wpex-last-mb-0 wpex-clr\"><div class=\"match-height-content\"><h2 class=\"portfolio-entry-title entry-title wpex-mb-5\"><a href=\"https:\/\/www.kusadasiephesustour.com\/es\/tour\/tour-de-un-dia-completo-en-pergamo\/\" title=\"Tour de un d\u00eda completo en P\u00e9rgamo\">Tour de un d\u00eda completo en P\u00e9rgamo<\/a><\/h2><div class=\"portfolio-entry-excerpt entry-excerpt wpex-my-15 wpex-text-pretty wpex-last-mb-0 wpex-clr\"><p>Visit Pergamon, once the capital of the Attalid Dynasty of Hellenistic period<\/p><\/div><\/div><\/div><\/div><\/div><div class=\"portfolio-entry vcex-grid-item entry-has-details span_1_of_3 col col-3 entry post-4511 type-portfolio has-media tag-232 tag-235 tag-234 tag-233 cat-226 cat-63 cat-55 translation_priority-151\"><div class=\"portfolio-entry-inner entry-inner wpex-first-mt-0 wpex-last-mb-0 wpex-clr\"><div class=\"portfolio-entry-media entry-media wpex-relative wpex-image-hover fade-out\"><a href=\"https:\/\/www.kusadasiephesustour.com\/es\/tour\/tour-por-cesme-alacati\/\" title=\"Tour por Cesme Alacati\" class=\"portfolio-entry-media-link\"><img loading=\"lazy\" class=\"portfolio-entry-img wpex-align-middle\" decoding=\"async\" src=\"https:\/\/www.kusadasiephesustour.com\/wp-content\/uploads\/2023\/03\/alacati23-213x120.jpg\" alt=\"\" srcset=\"https:\/\/www.kusadasiephesustour.com\/wp-content\/uploads\/2023\/03\/alacati23-213x120.jpg 213w, https:\/\/www.kusadasiephesustour.com\/wp-content\/uploads\/2023\/03\/alacati23-211x120.jpg 211w, https:\/\/www.kusadasiephesustour.com\/wp-content\/uploads\/2023\/03\/alacati23-768x438.jpg 768w, https:\/\/www.kusadasiephesustour.com\/wp-content\/uploads\/2023\/03\/alacati23-643x362.jpg 643w, https:\/\/www.kusadasiephesustour.com\/wp-content\/uploads\/2023\/03\/alacati23-230x129.jpg 230w, https:\/\/www.kusadasiephesustour.com\/wp-content\/uploads\/2023\/03\/alacati23-234x131.jpg 234w, https:\/\/www.kusadasiephesustour.com\/wp-content\/uploads\/2023\/03\/alacati23.jpg 1000w\" width=\"213\" height=\"120\"><\/a><\/div><div class=\"portfolio-entry-details entry-details wpex-boxed wpex-first-mt-0 wpex-last-mb-0 wpex-clr\"><div class=\"match-height-content\"><h2 class=\"portfolio-entry-title entry-title wpex-mb-5\"><a href=\"https:\/\/www.kusadasiephesustour.com\/es\/tour\/tour-por-cesme-alacati\/\" title=\"Tour por Cesme Alacati\">Tour por Cesme Alacati<\/a><\/h2><div class=\"portfolio-entry-excerpt entry-excerpt wpex-my-15 wpex-text-pretty wpex-last-mb-0 wpex-clr\"><p>Descubre el encantador pueblo de Alacati, explora el Castillo y el centro de la ciudad de Cesme, y nada en la hermosa Playa de Il\u0131ca en nuestro tour de Cesme Alacati. \u00a1Reserva ahora y disfruta de la costa del Egeo!<\/p><\/div><\/div><\/div><\/div><\/div><div class=\"portfolio-entry vcex-grid-item entry-has-details span_1_of_3 col col-1 entry post-4516 type-portfolio has-media tag-233 cat-226 cat-63 cat-55 translation_priority-151\"><div class=\"portfolio-entry-inner entry-inner wpex-first-mt-0 wpex-last-mb-0 wpex-clr\"><div class=\"portfolio-entry-media entry-media wpex-relative wpex-image-hover fade-out\"><a href=\"https:\/\/www.kusadasiephesustour.com\/es\/tour\/tour-por-la-ciudad-de-izmir\/\" title=\"Tour por la ciudad de Izmir\" class=\"portfolio-entry-media-link\"><img loading=\"lazy\" class=\"portfolio-entry-img wpex-align-middle\" decoding=\"async\" src=\"https:\/\/www.kusadasiephesustour.com\/wp-content\/uploads\/2023\/03\/68383konakjpg-213x120.jpg\" alt=\"\" srcset=\"https:\/\/www.kusadasiephesustour.com\/wp-content\/uploads\/2023\/03\/68383konakjpg-213x120.jpg 213w, https:\/\/www.kusadasiephesustour.com\/wp-content\/uploads\/2023\/03\/68383konakjpg-230x129.jpg 230w, https:\/\/www.kusadasiephesustour.com\/wp-content\/uploads\/2023\/03\/68383konakjpg-234x131.jpg 234w\" width=\"213\" height=\"120\"><\/a><\/div><div class=\"portfolio-entry-details entry-details wpex-boxed wpex-first-mt-0 wpex-last-mb-0 wpex-clr\"><div class=\"match-height-content\"><h2 class=\"portfolio-entry-title entry-title wpex-mb-5\"><a href=\"https:\/\/www.kusadasiephesustour.com\/es\/tour\/tour-por-la-ciudad-de-izmir\/\" title=\"Tour por la ciudad de Izmir\">Tour por la ciudad de Izmir<\/a><\/h2><div class=\"portfolio-entry-excerpt entry-excerpt wpex-my-15 wpex-text-pretty wpex-last-mb-0 wpex-clr\"><p>Explora la rica historia y cultura de Izmir en un tour por la ciudad. Visita la iglesia de San Policarpo, la plaza Konak, el bazar de Kemeralt\u0131 y m\u00e1s. \u00a1Reserva ahora!<\/p><\/div><\/div><\/div><\/div><\/div><div class=\"portfolio-entry vcex-grid-item entry-has-details span_1_of_3 col col-2 entry post-4543 type-portfolio has-media tag-94 tag-73 tag-66 cat-231 cat-230 cat-57 cat-63 translation_priority-151\"><div class=\"portfolio-entry-inner entry-inner wpex-first-mt-0 wpex-last-mb-0 wpex-clr\"><div class=\"portfolio-entry-media entry-media wpex-relative wpex-image-hover fade-out\"><a href=\"https:\/\/www.kusadasiephesustour.com\/es\/tour\/tour-de-2-dias-por-pamukkale-y-efeso\/\" title=\"Tour de 2 d\u00edas por Pamukkale y \u00c9feso\" class=\"portfolio-entry-media-link\"><\/a><\/div><div class=\"portfolio-entry-details entry-details wpex-boxed wpex-first-mt-0 wpex-last-mb-0 wpex-clr\"><div class=\"match-height-content\"><h2 class=\"portfolio-entry-title entry-title wpex-mb-5\"><a href=\"https:\/\/www.kusadasiephesustour.com\/es\/tour\/tour-de-2-dias-por-pamukkale-y-efeso\/\" title=\"Tour de 2 d\u00edas por Pamukkale y \u00c9feso\">Tour de 2 d\u00edas por Pamukkale y \u00c9feso<\/a><\/h2><div class=\"portfolio-entry-excerpt entry-excerpt wpex-my-15 wpex-text-pretty wpex-last-mb-0 wpex-clr\"><p>Tour de 2 d\u00edas por Pamukkale y \u00c9feso Hier\u00e1polis: Fundada en el siglo III a.C. en Frigia, Hier\u00e1polis floreci\u00f3 bajo el dominio romano, con un estadio, un gran teatro y&hellip;<\/p><\/div><\/div><\/div><\/div><\/div><div class=\"portfolio-entry vcex-grid-item entry-has-details span_1_of_3 col col-3 entry post-4910 type-portfolio has-media tag-94 tag-69 tag-73 tag-66 cat-231 cat-57 cat-63\"><div class=\"portfolio-entry-inner entry-inner wpex-first-mt-0 wpex-last-mb-0 wpex-clr\"><div class=\"portfolio-entry-media entry-media wpex-relative wpex-image-hover fade-out\"><a href=\"https:\/\/www.kusadasiephesustour.com\/es\/tour\/tour-de-2-dias-a-efeso-pamukkale-y-afrodisias-en-avion\/\" title=\"Tour de 2 d\u00edas a \u00c9feso, Pamukkale y Afrodisias en avi\u00f3n.\" class=\"portfolio-entry-media-link\"><img loading=\"lazy\" class=\"portfolio-entry-img wpex-align-middle\" decoding=\"async\" src=\"https:\/\/www.kusadasiephesustour.com\/wp-content\/uploads\/2023\/03\/Heracles-Gate-213x120.png\" alt=\"\" srcset=\"https:\/\/www.kusadasiephesustour.com\/wp-content\/uploads\/2023\/03\/Heracles-Gate-213x120.png 213w, https:\/\/www.kusadasiephesustour.com\/wp-content\/uploads\/2023\/03\/Heracles-Gate-768x432.png 768w, https:\/\/www.kusadasiephesustour.com\/wp-content\/uploads\/2023\/03\/Heracles-Gate-219x123.png 219w, https:\/\/www.kusadasiephesustour.com\/wp-content\/uploads\/2023\/03\/Heracles-Gate-230x129.png 230w, https:\/\/www.kusadasiephesustour.com\/wp-content\/uploads\/2023\/03\/Heracles-Gate-234x131.png 234w, https:\/\/www.kusadasiephesustour.com\/wp-content\/uploads\/2023\/03\/Heracles-Gate.png 1200w\" width=\"213\" height=\"120\"><\/a><\/div><div class=\"portfolio-entry-details entry-details wpex-boxed wpex-first-mt-0 wpex-last-mb-0 wpex-clr\"><div class=\"match-height-content\"><h2 class=\"portfolio-entry-title entry-title wpex-mb-5\"><a href=\"https:\/\/www.kusadasiephesustour.com\/es\/tour\/tour-de-2-dias-a-efeso-pamukkale-y-afrodisias-en-avion\/\" title=\"Tour de 2 d\u00edas a \u00c9feso, Pamukkale y Afrodisias en avi\u00f3n.\">Tour de 2 d\u00edas a \u00c9feso, Pamukkale y Afrodisias en avi\u00f3n.<\/a><\/h2><div class=\"portfolio-entry-excerpt entry-excerpt wpex-my-15 wpex-text-pretty wpex-last-mb-0 wpex-clr\"><p>Join our Ephesus, Pamukkale and Aphrodisias tour by the comfort of plane and save more time for visiting the ancient monuments.<\/p><\/div><\/div><\/div><\/div><\/div><\/div><\/div>[\/vc_column][\/vc_row]\n<\/div>","protected":false},"excerpt":{"rendered":"<p>[vc_row][vc_column][\/vc_column][\/vc_row]<\/p>\n","protected":false},"author":1,"featured_media":0,"parent":0,"menu_order":0,"comment_status":"open","ping_status":"open","template":"","meta":{"footnotes":""},"class_list":["post-2367","page","type-page","status-publish","hentry","entry","has-media"],"yoast_head":"<!-- This site is optimized with the Yoast SEO plugin v27.2 - https:\/\/yoast.com\/product\/yoast-seo-wordpress\/ -->\n<title>Tours de Pamukkale | Kusadasi \/ Ephesus Tours<\/title>\n<meta name=\"robots\" content=\"noindex, follow, max-snippet:-1, max-image-preview:large, max-video-preview:-1\" \/>\n<meta property=\"og:locale\" content=\"es_ES\" \/>\n<meta property=\"og:type\" content=\"article\" \/>\n<meta property=\"og:title\" content=\"Tours de Pamukkale | Kusadasi \/ Ephesus Tours\" \/>\n<meta property=\"og:description\" content=\"[vc_row][vc_column][\/vc_column][\/vc_row]\" \/>\n<meta property=\"og:url\" content=\"https:\/\/www.kusadasiephesustour.com\/es\/tours-de-pamukkale\/\" \/>\n<meta property=\"og:site_name\" content=\"Kusadasi \/ Ephesus Tours\" \/>\n<meta name=\"twitter:card\" content=\"summary_large_image\" \/>\n<script type=\"application\/ld+json\" class=\"yoast-schema-graph\">{\"@context\":\"https:\/\/schema.org\",\"@graph\":[{\"@type\":\"WebPage\",\"@id\":\"https:\/\/www.kusadasiephesustour.com\/es\/tours-de-pamukkale\/\",\"url\":\"https:\/\/www.kusadasiephesustour.com\/es\/tours-de-pamukkale\/\",\"name\":\"Tours de Pamukkale | Kusadasi \/ Ephesus Tours\",\"isPartOf\":{\"@id\":\"https:\/\/www.kusadasiephesustour.com\/es\/#website\"},\"datePublished\":\"2019-04-21T14:48:57+00:00\",\"inLanguage\":\"es\",\"potentialAction\":[{\"@type\":\"ReadAction\",\"target\":[\"https:\/\/www.kusadasiephesustour.com\/es\/tours-de-pamukkale\/\"]}]},{\"@type\":\"WebSite\",\"@id\":\"https:\/\/www.kusadasiephesustour.com\/es\/#website\",\"url\":\"https:\/\/www.kusadasiephesustour.com\/es\/\",\"name\":\"Kusadasi \/ Ephesus Tours\",\"description\":\"Viajar con un Experto\",\"publisher\":{\"@id\":\"https:\/\/www.kusadasiephesustour.com\/es\/#organization\"},\"potentialAction\":[{\"@type\":\"SearchAction\",\"target\":{\"@type\":\"EntryPoint\",\"urlTemplate\":\"https:\/\/www.kusadasiephesustour.com\/es\/?s={search_term_string}\"},\"query-input\":{\"@type\":\"PropertyValueSpecification\",\"valueRequired\":true,\"valueName\":\"search_term_string\"}}],\"inLanguage\":\"es\"},{\"@type\":\"Organization\",\"@id\":\"https:\/\/www.kusadasiephesustour.com\/es\/#organization\",\"name\":\"Kusadasi \/ Ephesus Tours\",\"url\":\"https:\/\/www.kusadasiephesustour.com\/es\/\",\"logo\":{\"@type\":\"ImageObject\",\"inLanguage\":\"es\",\"@id\":\"https:\/\/www.kusadasiephesustour.com\/es\/#\/schema\/logo\/image\/\",\"url\":\"https:\/\/www.kusadasiephesustour.com\/wp-content\/uploads\/2024\/04\/Puerto-Logo.png\",\"contentUrl\":\"https:\/\/www.kusadasiephesustour.com\/wp-content\/uploads\/2024\/04\/Puerto-Logo.png\",\"width\":242,\"height\":75,\"caption\":\"Kusadasi \/ Ephesus Tours\"},\"image\":{\"@id\":\"https:\/\/www.kusadasiephesustour.com\/es\/#\/schema\/logo\/image\/\"}}]}<\/script>\n<!-- \/ Yoast SEO plugin. -->","yoast_head_json":{"title":"Tours de Pamukkale | Kusadasi \/ Ephesus Tours","robots":{"index":"noindex","follow":"follow","max-snippet":"max-snippet:-1","max-image-preview":"max-image-preview:large","max-video-preview":"max-video-preview:-1"},"og_locale":"es_ES","og_type":"article","og_title":"Tours de Pamukkale | Kusadasi \/ Ephesus Tours","og_description":"[vc_row][vc_column][\/vc_column][\/vc_row]","og_url":"https:\/\/www.kusadasiephesustour.com\/es\/tours-de-pamukkale\/","og_site_name":"Kusadasi \/ Ephesus Tours","twitter_card":"summary_large_image","schema":{"@context":"https:\/\/schema.org","@graph":[{"@type":"WebPage","@id":"https:\/\/www.kusadasiephesustour.com\/es\/tours-de-pamukkale\/","url":"https:\/\/www.kusadasiephesustour.com\/es\/tours-de-pamukkale\/","name":"Tours de Pamukkale | Kusadasi \/ Ephesus Tours","isPartOf":{"@id":"https:\/\/www.kusadasiephesustour.com\/es\/#website"},"datePublished":"2019-04-21T14:48:57+00:00","inLanguage":"es","potentialAction":[{"@type":"ReadAction","target":["https:\/\/www.kusadasiephesustour.com\/es\/tours-de-pamukkale\/"]}]},{"@type":"WebSite","@id":"https:\/\/www.kusadasiephesustour.com\/es\/#website","url":"https:\/\/www.kusadasiephesustour.com\/es\/","name":"Kusadasi \/ Ephesus Tours","description":"Viajar con un Experto","publisher":{"@id":"https:\/\/www.kusadasiephesustour.com\/es\/#organization"},"potentialAction":[{"@type":"SearchAction","target":{"@type":"EntryPoint","urlTemplate":"https:\/\/www.kusadasiephesustour.com\/es\/?s={search_term_string}"},"query-input":{"@type":"PropertyValueSpecification","valueRequired":true,"valueName":"search_term_string"}}],"inLanguage":"es"},{"@type":"Organization","@id":"https:\/\/www.kusadasiephesustour.com\/es\/#organization","name":"Kusadasi \/ Ephesus Tours","url":"https:\/\/www.kusadasiephesustour.com\/es\/","logo":{"@type":"ImageObject","inLanguage":"es","@id":"https:\/\/www.kusadasiephesustour.com\/es\/#\/schema\/logo\/image\/","url":"https:\/\/www.kusadasiephesustour.com\/wp-content\/uploads\/2024\/04\/Puerto-Logo.png","contentUrl":"https:\/\/www.kusadasiephesustour.com\/wp-content\/uploads\/2024\/04\/Puerto-Logo.png","width":242,"height":75,"caption":"Kusadasi \/ Ephesus Tours"},"image":{"@id":"https:\/\/www.kusadasiephesustour.com\/es\/#\/schema\/logo\/image\/"}}]}},"_links":{"self":[{"href":"https:\/\/www.kusadasiephesustour.com\/es\/wp-json\/wp\/v2\/pages\/2367","targetHints":{"allow":["GET"]}}],"collection":[{"href":"https:\/\/www.kusadasiephesustour.com\/es\/wp-json\/wp\/v2\/pages"}],"about":[{"href":"https:\/\/www.kusadasiephesustour.com\/es\/wp-json\/wp\/v2\/types\/page"}],"author":[{"embeddable":true,"href":"https:\/\/www.kusadasiephesustour.com\/es\/wp-json\/wp\/v2\/users\/1"}],"replies":[{"embeddable":true,"href":"https:\/\/www.kusadasiephesustour.com\/es\/wp-json\/wp\/v2\/comments?post=2367"}],"version-history":[{"count":1,"href":"https:\/\/www.kusadasiephesustour.com\/es\/wp-json\/wp\/v2\/pages\/2367\/revisions"}],"predecessor-version":[{"id":2368,"href":"https:\/\/www.kusadasiephesustour.com\/es\/wp-json\/wp\/v2\/pages\/2367\/revisions\/2368"}],"wp:attachment":[{"href":"https:\/\/www.kusadasiephesustour.com\/es\/wp-json\/wp\/v2\/media?parent=2367"}],"curies":[{"name":"wp","href":"https:\/\/api.w.org\/{rel}","templated":true}]}}