{"id":3790,"date":"2020-01-31T23:41:46","date_gmt":"2020-01-31T20:41:46","guid":{"rendered":"https:\/\/www.kusadasiephesustour.com\/?page_id=3790"},"modified":"2020-01-31T23:41:46","modified_gmt":"2020-01-31T20:41:46","slug":"biblical-tours","status":"publish","type":"page","link":"https:\/\/www.kusadasiephesustour.com\/es\/biblical-tours\/","title":{"rendered":"Biblical Tours"},"content":{"rendered":"<div class=\"wpb-content-wrapper\">[vc_row][vc_column]<div class=\"vcex-module vcex-portfolio-grid-wrap wpex-clr\"><div class=\"wpex-row vcex-portfolio-grid wpex-clr entries match-height-grid\"><div class=\"portfolio-entry vcex-grid-item entry-has-details span_1_of_3 col col-1 entry post-4540 type-portfolio has-media tag-243 tag-195 tag-194 tag-73 tag-232 tag-236 tag-241 tag-242 cat-226 cat-180 cat-57 cat-55 cat-225 translation_priority-151\"><div class=\"portfolio-entry-inner entry-inner wpex-first-mt-0 wpex-last-mb-0 wpex-clr\"><div class=\"portfolio-entry-media entry-media wpex-relative wpex-image-hover grow\"><a href=\"https:\/\/www.kusadasiephesustour.com\/es\/tour\/biblical-ephesus-tour\/\" title=\"Tour b\u00edblico por \u00c9feso\" class=\"portfolio-entry-media-link\"><img width=\"1200\" height=\"803\" src=\"https:\/\/www.kusadasiephesustour.com\/wp-content\/uploads\/2023\/04\/ephesus-ancient-city-.jpg\" class=\"portfolio-entry-img wpex-align-middle\" alt=\"\" loading=\"lazy\" decoding=\"async\" srcset=\"https:\/\/www.kusadasiephesustour.com\/wp-content\/uploads\/2023\/04\/ephesus-ancient-city-.jpg 1200w, https:\/\/www.kusadasiephesustour.com\/wp-content\/uploads\/2023\/04\/ephesus-ancient-city--179x120.jpg 179w, https:\/\/www.kusadasiephesustour.com\/wp-content\/uploads\/2023\/04\/ephesus-ancient-city--768x514.jpg 768w\" sizes=\"auto, (max-width: 1200px) 100vw, 1200px\" \/><\/a><\/div><div class=\"portfolio-entry-details entry-details wpex-boxed wpex-first-mt-0 wpex-last-mb-0 wpex-clr\"><div class=\"match-height-content\"><h2 class=\"portfolio-entry-title entry-title wpex-mb-5\"><a href=\"https:\/\/www.kusadasiephesustour.com\/es\/tour\/biblical-ephesus-tour\/\" title=\"Tour b\u00edblico por \u00c9feso\">Tour b\u00edblico por \u00c9feso<\/a><\/h2><div class=\"portfolio-entry-excerpt entry-excerpt wpex-my-15 wpex-text-pretty wpex-last-mb-0 wpex-clr\"><p>Tour B\u00edblico de \u00c9feso \u00c9feso, una ciudad clave en tiempos romanos, desempe\u00f1\u00f3 un papel significativo&hellip;<\/p><\/div><div class=\"portfolio-entry-readmore-wrap entry-readmore-wrap wpex-my-15 wpex-clr\"><a href=\"https:\/\/www.kusadasiephesustour.com\/es\/tour\/biblical-ephesus-tour\/\" class=\"portfolio-entry-readmore entry-readmore theme-button\" aria-label=\"Details &amp; Booking about Tour b\u00edblico por \u00c9feso\">Details &amp; Booking<\/a><\/div><\/div><\/div><\/div><\/div><div class=\"portfolio-entry vcex-grid-item entry-has-details span_1_of_3 col col-2 entry post-3942 type-portfolio has-media tag-203 tag-204 tag-205 cat-231 cat-230 cat-180 translation_priority-151\"><div class=\"portfolio-entry-inner entry-inner wpex-first-mt-0 wpex-last-mb-0 wpex-clr\"><div class=\"portfolio-entry-media entry-media wpex-relative wpex-image-hover grow\"><a href=\"https:\/\/www.kusadasiephesustour.com\/es\/tour\/4-dias-7-iglesias-de-las-revelaciones-en-turquia\/\" title=\"4 d\u00edas 7 iglesias de las Revelaciones en Turqu\u00eda\" class=\"portfolio-entry-media-link\"><img width=\"2560\" height=\"1733\" src=\"https:\/\/www.kusadasiephesustour.com\/wp-content\/uploads\/2021\/07\/IMG_20200911_113128-1-scaled-e1625872548229.jpg\" class=\"portfolio-entry-img wpex-align-middle\" alt=\"\" loading=\"lazy\" decoding=\"async\" \/><\/a><\/div><div class=\"portfolio-entry-details entry-details wpex-boxed wpex-first-mt-0 wpex-last-mb-0 wpex-clr\"><div class=\"match-height-content\"><h2 class=\"portfolio-entry-title entry-title wpex-mb-5\"><a href=\"https:\/\/www.kusadasiephesustour.com\/es\/tour\/4-dias-7-iglesias-de-las-revelaciones-en-turquia\/\" title=\"4 d\u00edas 7 iglesias de las Revelaciones en Turqu\u00eda\">4 d\u00edas 7 iglesias de las Revelaciones en Turqu\u00eda<\/a><\/h2><div class=\"portfolio-entry-excerpt entry-excerpt wpex-my-15 wpex-text-pretty wpex-last-mb-0 wpex-clr\"><p>Tour 7 Iglesias de Revelaciones Programa de viaje D\u00eda 1: Izmir - Pergamon Conozca a&hellip;<\/p><\/div><div class=\"portfolio-entry-readmore-wrap entry-readmore-wrap wpex-my-15 wpex-clr\"><a href=\"https:\/\/www.kusadasiephesustour.com\/es\/tour\/4-dias-7-iglesias-de-las-revelaciones-en-turquia\/\" class=\"portfolio-entry-readmore entry-readmore theme-button\" aria-label=\"Details &amp; Booking about 4 d\u00edas 7 iglesias de las Revelaciones en Turqu\u00eda\">Details &amp; Booking<\/a><\/div><\/div><\/div><\/div><\/div><\/div><\/div>[\/vc_column][\/vc_row]\n<\/div>","protected":false},"excerpt":{"rendered":"<p>[vc_row][vc_column][\/vc_column][\/vc_row]<\/p>\n","protected":false},"author":1,"featured_media":0,"parent":0,"menu_order":0,"comment_status":"closed","ping_status":"closed","template":"","meta":{"footnotes":""},"class_list":["post-3790","page","type-page","status-publish","hentry","entry","has-media"],"yoast_head":"<!-- This site is optimized with the Yoast SEO plugin v27.2 - https:\/\/yoast.com\/product\/yoast-seo-wordpress\/ -->\n<title>Biblical Tours | Kusadasi \/ Ephesus Tours<\/title>\n<meta name=\"robots\" content=\"noindex, follow, max-snippet:-1, max-image-preview:large, max-video-preview:-1\" \/>\n<meta property=\"og:locale\" content=\"es_ES\" \/>\n<meta property=\"og:type\" content=\"article\" \/>\n<meta property=\"og:title\" content=\"Biblical Tours | Kusadasi \/ Ephesus Tours\" \/>\n<meta property=\"og:description\" content=\"[vc_row][vc_column][\/vc_column][\/vc_row]\" \/>\n<meta property=\"og:url\" content=\"https:\/\/www.kusadasiephesustour.com\/es\/biblical-tours\/\" \/>\n<meta property=\"og:site_name\" content=\"Kusadasi \/ Ephesus Tours\" \/>\n<meta name=\"twitter:card\" content=\"summary_large_image\" \/>\n<script type=\"application\/ld+json\" class=\"yoast-schema-graph\">{\"@context\":\"https:\/\/schema.org\",\"@graph\":[{\"@type\":\"WebPage\",\"@id\":\"https:\/\/www.kusadasiephesustour.com\/es\/biblical-tours\/\",\"url\":\"https:\/\/www.kusadasiephesustour.com\/es\/biblical-tours\/\",\"name\":\"Biblical Tours | Kusadasi \/ Ephesus Tours\",\"isPartOf\":{\"@id\":\"https:\/\/www.kusadasiephesustour.com\/es\/#website\"},\"datePublished\":\"2020-01-31T20:41:46+00:00\",\"inLanguage\":\"es\",\"potentialAction\":[{\"@type\":\"ReadAction\",\"target\":[\"https:\/\/www.kusadasiephesustour.com\/es\/biblical-tours\/\"]}]},{\"@type\":\"WebSite\",\"@id\":\"https:\/\/www.kusadasiephesustour.com\/es\/#website\",\"url\":\"https:\/\/www.kusadasiephesustour.com\/es\/\",\"name\":\"Kusadasi \/ Ephesus Tours\",\"description\":\"Viajar con un Experto\",\"publisher\":{\"@id\":\"https:\/\/www.kusadasiephesustour.com\/es\/#organization\"},\"potentialAction\":[{\"@type\":\"SearchAction\",\"target\":{\"@type\":\"EntryPoint\",\"urlTemplate\":\"https:\/\/www.kusadasiephesustour.com\/es\/?s={search_term_string}\"},\"query-input\":{\"@type\":\"PropertyValueSpecification\",\"valueRequired\":true,\"valueName\":\"search_term_string\"}}],\"inLanguage\":\"es\"},{\"@type\":\"Organization\",\"@id\":\"https:\/\/www.kusadasiephesustour.com\/es\/#organization\",\"name\":\"Kusadasi \/ Ephesus Tours\",\"url\":\"https:\/\/www.kusadasiephesustour.com\/es\/\",\"logo\":{\"@type\":\"ImageObject\",\"inLanguage\":\"es\",\"@id\":\"https:\/\/www.kusadasiephesustour.com\/es\/#\/schema\/logo\/image\/\",\"url\":\"https:\/\/www.kusadasiephesustour.com\/wp-content\/uploads\/2024\/04\/Puerto-Logo.png\",\"contentUrl\":\"https:\/\/www.kusadasiephesustour.com\/wp-content\/uploads\/2024\/04\/Puerto-Logo.png\",\"width\":242,\"height\":75,\"caption\":\"Kusadasi \/ Ephesus Tours\"},\"image\":{\"@id\":\"https:\/\/www.kusadasiephesustour.com\/es\/#\/schema\/logo\/image\/\"}}]}<\/script>\n<!-- \/ Yoast SEO plugin. -->","yoast_head_json":{"title":"Biblical Tours | Kusadasi \/ Ephesus Tours","robots":{"index":"noindex","follow":"follow","max-snippet":"max-snippet:-1","max-image-preview":"max-image-preview:large","max-video-preview":"max-video-preview:-1"},"og_locale":"es_ES","og_type":"article","og_title":"Biblical Tours | Kusadasi \/ Ephesus Tours","og_description":"[vc_row][vc_column][\/vc_column][\/vc_row]","og_url":"https:\/\/www.kusadasiephesustour.com\/es\/biblical-tours\/","og_site_name":"Kusadasi \/ Ephesus Tours","twitter_card":"summary_large_image","schema":{"@context":"https:\/\/schema.org","@graph":[{"@type":"WebPage","@id":"https:\/\/www.kusadasiephesustour.com\/es\/biblical-tours\/","url":"https:\/\/www.kusadasiephesustour.com\/es\/biblical-tours\/","name":"Biblical Tours | Kusadasi \/ Ephesus Tours","isPartOf":{"@id":"https:\/\/www.kusadasiephesustour.com\/es\/#website"},"datePublished":"2020-01-31T20:41:46+00:00","inLanguage":"es","potentialAction":[{"@type":"ReadAction","target":["https:\/\/www.kusadasiephesustour.com\/es\/biblical-tours\/"]}]},{"@type":"WebSite","@id":"https:\/\/www.kusadasiephesustour.com\/es\/#website","url":"https:\/\/www.kusadasiephesustour.com\/es\/","name":"Kusadasi \/ Ephesus Tours","description":"Viajar con un Experto","publisher":{"@id":"https:\/\/www.kusadasiephesustour.com\/es\/#organization"},"potentialAction":[{"@type":"SearchAction","target":{"@type":"EntryPoint","urlTemplate":"https:\/\/www.kusadasiephesustour.com\/es\/?s={search_term_string}"},"query-input":{"@type":"PropertyValueSpecification","valueRequired":true,"valueName":"search_term_string"}}],"inLanguage":"es"},{"@type":"Organization","@id":"https:\/\/www.kusadasiephesustour.com\/es\/#organization","name":"Kusadasi \/ Ephesus Tours","url":"https:\/\/www.kusadasiephesustour.com\/es\/","logo":{"@type":"ImageObject","inLanguage":"es","@id":"https:\/\/www.kusadasiephesustour.com\/es\/#\/schema\/logo\/image\/","url":"https:\/\/www.kusadasiephesustour.com\/wp-content\/uploads\/2024\/04\/Puerto-Logo.png","contentUrl":"https:\/\/www.kusadasiephesustour.com\/wp-content\/uploads\/2024\/04\/Puerto-Logo.png","width":242,"height":75,"caption":"Kusadasi \/ Ephesus Tours"},"image":{"@id":"https:\/\/www.kusadasiephesustour.com\/es\/#\/schema\/logo\/image\/"}}]}},"_links":{"self":[{"href":"https:\/\/www.kusadasiephesustour.com\/es\/wp-json\/wp\/v2\/pages\/3790","targetHints":{"allow":["GET"]}}],"collection":[{"href":"https:\/\/www.kusadasiephesustour.com\/es\/wp-json\/wp\/v2\/pages"}],"about":[{"href":"https:\/\/www.kusadasiephesustour.com\/es\/wp-json\/wp\/v2\/types\/page"}],"author":[{"embeddable":true,"href":"https:\/\/www.kusadasiephesustour.com\/es\/wp-json\/wp\/v2\/users\/1"}],"replies":[{"embeddable":true,"href":"https:\/\/www.kusadasiephesustour.com\/es\/wp-json\/wp\/v2\/comments?post=3790"}],"version-history":[{"count":2,"href":"https:\/\/www.kusadasiephesustour.com\/es\/wp-json\/wp\/v2\/pages\/3790\/revisions"}],"predecessor-version":[{"id":3792,"href":"https:\/\/www.kusadasiephesustour.com\/es\/wp-json\/wp\/v2\/pages\/3790\/revisions\/3792"}],"wp:attachment":[{"href":"https:\/\/www.kusadasiephesustour.com\/es\/wp-json\/wp\/v2\/media?parent=3790"}],"curies":[{"name":"wp","href":"https:\/\/api.w.org\/{rel}","templated":true}]}}